{"id":3669,"date":"2023-02-28T10:25:00","date_gmt":"2023-02-28T10:25:00","guid":{"rendered":"https:\/\/seifti.io\/sobre-nosotros\/"},"modified":"2024-05-17T09:15:35","modified_gmt":"2024-05-17T09:15:35","slug":"sobre-nosotros","status":"publish","type":"page","link":"https:\/\/seifti.io\/es\/sobre-nosotros\/","title":{"rendered":"Sobre nosotros"},"content":{"rendered":"<section class=\"wpb-content-wrapper\"><p>[vc_row row_type=\u00bbrow\u00bb use_row_as_full_screen_section=\u00bbno\u00bb type=\u00bbfull_width\u00bb text_align=\u00bbleft\u00bb background_animation=\u00bbnone\u00bb css_animation=\u00bb\u00bb][vc_column offset=\u00bbvc_hidden-xs\u00bb][vc_empty_space height=\u00bb100px\u00bb][\/vc_column][\/vc_row][vc_row row_type=\u00bbrow\u00bb use_row_as_full_screen_section=\u00bbno\u00bb type=\u00bbgrid\u00bb text_align=\u00bbleft\u00bb background_animation=\u00bbnone\u00bb css_animation=\u00bbelement_from_left\u00bb][vc_column width=\u00bb1\/2&#8243;][vc_column_text]<\/p>\n<h1>\u00a1Democratizando<br \/>\nla tecnolog\u00eda legal!<\/h1>\n<p>[\/vc_column_text][vc_empty_space height=\u00bb50px\u00bb][vc_column_text]Queremos ayudar y formar a las empresas en materia de protecci\u00f3n de datos y seguridad de la informaci\u00f3n.[\/vc_column_text][vc_row_inner row_type=\u00bbrow\u00bb type=\u00bbfull_width\u00bb use_row_as_full_screen_section_slide=\u00bbno\u00bb text_align=\u00bbleft\u00bb css_animation=\u00bb\u00bb][vc_column_inner offset=\u00bbvc_hidden-xs\u00bb][vc_empty_space height=\u00bb150px\u00bb][\/vc_column_inner][\/vc_row_inner][vc_row_inner row_type=\u00bbrow\u00bb type=\u00bbfull_width\u00bb use_row_as_full_screen_section_slide=\u00bbno\u00bb text_align=\u00bbleft\u00bb css_animation=\u00bb\u00bb][vc_column_inner offset=\u00bbvc_hidden-lg vc_hidden-md vc_hidden-sm\u00bb][vc_empty_space height=\u00bb50px\u00bb][\/vc_column_inner][\/vc_row_inner][vc_row_inner row_type=\u00bbrow\u00bb type=\u00bbfull_width\u00bb use_row_as_full_screen_section_slide=\u00bbno\u00bb text_align=\u00bbleft\u00bb css_animation=\u00bb\u00bb][vc_column_inner offset=\u00bbvc_hidden-lg vc_hidden-md vc_hidden-sm\u00bb][vc_empty_space height=\u00bb50px\u00bb][\/vc_column_inner][\/vc_row_inner][\/vc_column][vc_column width=\u00bb1\/12&#8243;][\/vc_column][vc_column width=\u00bb5\/12&#8243;][vc_single_image image=\u00bb402&#8243; img_size=\u00bbfull\u00bb qode_css_animation=\u00bb\u00bb][\/vc_column][\/vc_row][vc_row row_type=\u00bbrow\u00bb use_row_as_full_screen_section=\u00bbno\u00bb type=\u00bbfull_width\u00bb text_align=\u00bbleft\u00bb background_animation=\u00bbnone\u00bb css_animation=\u00bb\u00bb][vc_column offset=\u00bbvc_hidden-xs\u00bb][vc_empty_space height=\u00bb200px\u00bb][\/vc_column][\/vc_row][vc_row row_type=\u00bbrow\u00bb use_row_as_full_screen_section=\u00bbno\u00bb type=\u00bbfull_width\u00bb text_align=\u00bbleft\u00bb background_animation=\u00bbnone\u00bb css_animation=\u00bb\u00bb][vc_column offset=\u00bbvc_hidden-lg vc_hidden-md vc_hidden-sm\u00bb][vc_empty_space height=\u00bb100px\u00bb][\/vc_column][\/vc_row][vc_row row_type=\u00bbrow\u00bb use_row_as_full_screen_section=\u00bbno\u00bb type=\u00bbgrid\u00bb text_align=\u00bbleft\u00bb background_animation=\u00bbnone\u00bb css_animation=\u00bbelement_from_right\u00bb css=\u00bb.vc_custom_1680617874292{background-image: url(https:\/\/seifti.io\/wp-content\/uploads\/2023\/03\/background-gris-elipse.png?id=1303) !important;background-position: center !important;background-repeat: no-repeat !important;background-size: cover !important;}\u00bb][vc_column][vc_row_inner row_type=\u00bbrow\u00bb type=\u00bbfull_width\u00bb use_row_as_full_screen_section_slide=\u00bbno\u00bb text_align=\u00bbleft\u00bb css_animation=\u00bb\u00bb][vc_column_inner width=\u00bb1\/12&#8243; offset=\u00bbvc_hidden-xs\u00bb][\/vc_column_inner][vc_column_inner width=\u00bb10\/12&#8243;][vc_column_text]<\/p>\n<h2 style=\"text-align: center;\">360 todo en uno<\/h2>\n<p>[\/vc_column_text][vc_empty_space height=\u00bb50px\u00bb][\/vc_column_inner][vc_column_inner width=\u00bb1\/12&#8243; offset=\u00bbvc_hidden-xs\u00bb][\/vc_column_inner][\/vc_row_inner][vc_row_inner row_type=\u00bbrow\u00bb type=\u00bbfull_width\u00bb use_row_as_full_screen_section_slide=\u00bbno\u00bb text_align=\u00bbleft\u00bb css_animation=\u00bb\u00bb][vc_column_inner width=\u00bb1\/12&#8243;][\/vc_column_inner][vc_column_inner el_class=\u00bbcolumnaInterior2cols\u00bb width=\u00bb5\/12&#8243;]<div class='q_icon_with_title   center with_custom_icon'><div class=\"icon_holder \" style=\"margin: 4%; \"><div class=\"icon_holder_inner\"><img decoding=\"async\" width=\"69\" height=\"74\" src=\"https:\/\/seifti.io\/wp-content\/uploads\/2023\/03\/privacy-about-us.svg\" class=\"attachment-full size-full\" alt=\"\" \/><\/div><\/div><div class=\"icon_text_holder\" style=\"\"><div class=\"icon_text_inner\" style=\"\"><h4 class=\"icon_title\" style=\"color: #28d8b1\">PRIVACIDAD<\/h4><p style=''><\/p><\/div><\/div><\/div>[vc_column_text]Nuestra soluci\u00f3n de gesti\u00f3n de privacidad se asegurar\u00e1 de que tu negocio cumpla con todas las leyes y marcos regulatorios de protecci\u00f3n de datos, como GDPR, CCPA, LGPD, etc., al tiempo que te permite implementar principios de privacidad por dise\u00f1o a lo largo del ciclo de vida de datos de tu empresa.[\/vc_column_text][\/vc_column_inner][vc_column_inner el_class=\u00bbcolumnaInterior2cols\u00bb width=\u00bb5\/12&#8243;]<div class='q_icon_with_title   center with_custom_icon'><div class=\"icon_holder \" style=\"margin: 4%; \"><div class=\"icon_holder_inner\"><img decoding=\"async\" width=\"79\" height=\"74\" src=\"https:\/\/seifti.io\/wp-content\/uploads\/2023\/03\/information-security-about-us.svg\" class=\"attachment-full size-full\" alt=\"\" \/><\/div><\/div><div class=\"icon_text_holder\" style=\"\"><div class=\"icon_text_inner\" style=\"\"><h4 class=\"icon_title\" style=\"color: #28d8b1\">SEGURIDAD DE LA INFORMACI\u00d3N<\/h4><p style=''><\/p><\/div><\/div><\/div>[vc_column_text]Muchas empresas siguen un est\u00e1ndar internacional para sistemas de gesti\u00f3n de seguridad de la informaci\u00f3n (SGSI), como ISO\/IEC 27001, que especifica los requisitos para establecer, implementar, mantener y mejorar continuamente un SGSI. Nuestra soluci\u00f3n de gesti\u00f3n de seguridad de la informaci\u00f3n le permitir\u00e1 a tu empresa implementar y mantener pol\u00edticas y procedimientos para proteger s[\/vc_column_text][\/vc_column_inner][vc_column_inner width=\u00bb1\/12&#8243;][\/vc_column_inner][\/vc_row_inner][vc_row_inner row_type=\u00bbrow\u00bb type=\u00bbfull_width\u00bb use_row_as_full_screen_section_slide=\u00bbno\u00bb text_align=\u00bbleft\u00bb css_animation=\u00bb\u00bb][vc_column_inner width=\u00bb1\/12&#8243;][\/vc_column_inner][vc_column_inner el_class=\u00bbcolumnaInterior1cols\u00bb width=\u00bb10\/12&#8243;]<div class='q_icon_with_title   center with_custom_icon'><div class=\"icon_holder \" style=\"margin: 4%; \"><div class=\"icon_holder_inner\"><img decoding=\"async\" width=\"78\" height=\"77\" src=\"https:\/\/seifti.io\/wp-content\/uploads\/2023\/03\/data-discovery-about-us.svg\" class=\"attachment-full size-full\" alt=\"\" \/><\/div><\/div><div class=\"icon_text_holder\" style=\"\"><div class=\"icon_text_inner\" style=\"\"><h4 class=\"icon_title\" style=\"color: #28d8b1\">TECNOLOG\u00cdA PARA DATA DISCOVERY &amp; DATA RETENTION (IA)<\/h4><p style=''><\/p><\/div><\/div><\/div>[vc_column_text]Nuestra soluci\u00f3n de IA de administraci\u00f3n de retenci\u00f3n y descubrimiento de datos te permitir\u00e1 aprovechar nuestro modelo \u00fanico de IA para descubrir y clasificar datos personales y confidenciales en diferentes fuentes y sistemas en su empresa. Nuestro sistema escanear\u00e1 y mapear\u00e1 el inventario de datos de tu organizaci\u00f3n en funci\u00f3n de criterios predefinidos o personalizados, detectando y etiquetando datos personales y confidenciales utilizando t\u00e9cnicas de procesamiento de lenguaje natural (NLP) y aprendizaje autom\u00e1tico (ML), aplicando pol\u00edticas y reglas apropiadas a los datos en funci\u00f3n de su clasificaci\u00f3n, automatizando la eliminaci\u00f3n o anonimizaci\u00f3n de los datos cuando los clientes ya no los necesiten o los soliciten, y supervisando y auditando la retenci\u00f3n de datos con fines de cumplimiento normativo.[\/vc_column_text][\/vc_column_inner][vc_column_inner width=\u00bb1\/12&#8243;][\/vc_column_inner][\/vc_row_inner][vc_row_inner row_type=\u00bbrow\u00bb type=\u00bbfull_width\u00bb use_row_as_full_screen_section_slide=\u00bbno\u00bb text_align=\u00bbcenter\u00bb css_animation=\u00bb\u00bb][vc_column_inner width=\u00bb1\/3&#8243;][\/vc_column_inner][vc_column_inner width=\u00bb1\/3&#8243; offset=\u00bbvc_hidden-xs\u00bb][vc_empty_space height=\u00bb100px\u00bb][\/vc_column_inner][vc_column_inner width=\u00bb1\/3&#8243;][\/vc_column_inner][\/vc_row_inner][vc_row_inner row_type=\u00bbrow\u00bb type=\u00bbfull_width\u00bb use_row_as_full_screen_section_slide=\u00bbno\u00bb text_align=\u00bbcenter\u00bb css_animation=\u00bb\u00bb][vc_column_inner width=\u00bb1\/3&#8243;][\/vc_column_inner][vc_column_inner width=\u00bb1\/3&#8243; offset=\u00bbvc_hidden-lg vc_hidden-md vc_hidden-sm\u00bb][vc_empty_space height=\u00bb50px\u00bb][\/vc_column_inner][vc_column_inner width=\u00bb1\/3&#8243;][\/vc_column_inner][\/vc_row_inner][vc_row_inner row_type=\u00bbrow\u00bb type=\u00bbfull_width\u00bb use_row_as_full_screen_section_slide=\u00bbno\u00bb text_align=\u00bbcenter\u00bb css_animation=\u00bb\u00bb][vc_column_inner width=\u00bb1\/3&#8243;][\/vc_column_inner][vc_column_inner width=\u00bb1\/3&#8243;]<a href=\" https:\/\/seifti.io\/es\/solicitud-de-reunion\/ \" target=\"_self\"  class=\"qbutton \" style=\"\">Solicita una reuni\u00f3n<\/a>[\/vc_column_inner][vc_column_inner width=\u00bb1\/3&#8243;][\/vc_column_inner][\/vc_row_inner][vc_row_inner row_type=\u00bbrow\u00bb type=\u00bbfull_width\u00bb use_row_as_full_screen_section_slide=\u00bbno\u00bb text_align=\u00bbleft\u00bb css_animation=\u00bb\u00bb][vc_column_inner offset=\u00bbvc_hidden-xs\u00bb][vc_empty_space height=\u00bb200px\u00bb][\/vc_column_inner][\/vc_row_inner][vc_row_inner row_type=\u00bbrow\u00bb type=\u00bbfull_width\u00bb use_row_as_full_screen_section_slide=\u00bbno\u00bb text_align=\u00bbleft\u00bb css_animation=\u00bb\u00bb][vc_column_inner offset=\u00bbvc_hidden-lg vc_hidden-md vc_hidden-sm\u00bb][vc_empty_space height=\u00bb100px\u00bb][\/vc_column_inner][\/vc_row_inner][\/vc_column][\/vc_row][vc_row row_type=\u00bbrow\u00bb use_row_as_full_screen_section=\u00bbno\u00bb type=\u00bbgrid\u00bb text_align=\u00bbleft\u00bb background_animation=\u00bbnone\u00bb css_animation=\u00bbelement_from_left\u00bb][vc_column width=\u00bb1\/12&#8243;][\/vc_column][vc_column width=\u00bb1\/2&#8243;][vc_column_text]<\/p>\n<h1>Seifti primero<\/h1>\n<p>[\/vc_column_text][vc_empty_space height=\u00bb50px\u00bb][vc_column_text]Existimos para ayudar a las organizaciones a garantizar que sus pr\u00e1cticas de recopilaci\u00f3n, almacenamiento y uso de datos cumplan con los requisitos legales y reglamentarios, evitando multas y consecuencias legales por incumplimiento. Protege la privacidad y la seguridad de tus clientes y empleados con nuestra soluci\u00f3n integral de cumplimiento de datos.<\/p>\n<p>&nbsp;<\/p>\n<p>Proteger los datos de los clientes es fundamental para generar confianza y fidelidad en el mercado actual. Los clientes esperan que las empresas respeten su intimidad y garanticen la seguridad de su informaci\u00f3n. Por ello, contar con una empresa como Seifti que le ayude a implantar un modelo de confianza para sus clientes supondr\u00e1 una ventaja competitiva notoria para su negocio.[\/vc_column_text][\/vc_column][vc_column width=\u00bb1\/12&#8243;][\/vc_column][vc_column width=\u00bb3\/12&#8243;][\/vc_column][vc_column width=\u00bb1\/12&#8243;][\/vc_column][\/vc_row][vc_row row_type=\u00bbrow\u00bb use_row_as_full_screen_section=\u00bbno\u00bb type=\u00bbgrid\u00bb text_align=\u00bbleft\u00bb background_animation=\u00bbnone\u00bb css_animation=\u00bbelement_from_right\u00bb][vc_column][vc_row_inner row_type=\u00bbrow\u00bb type=\u00bbfull_width\u00bb use_row_as_full_screen_section_slide=\u00bbno\u00bb text_align=\u00bbleft\u00bb css_animation=\u00bb\u00bb][vc_column_inner offset=\u00bbvc_hidden-sm vc_hidden-xs\u00bb][vc_empty_space height=\u00bb200px\u00bb][\/vc_column_inner][\/vc_row_inner][vc_row_inner row_type=\u00bbrow\u00bb type=\u00bbfull_width\u00bb use_row_as_full_screen_section_slide=\u00bbno\u00bb text_align=\u00bbleft\u00bb css_animation=\u00bb\u00bb][vc_column_inner offset=\u00bbvc_hidden-lg vc_hidden-md\u00bb][vc_empty_space height=\u00bb100px\u00bb][\/vc_column_inner][\/vc_row_inner][vc_row_inner row_type=\u00bbrow\u00bb type=\u00bbfull_width\u00bb use_row_as_full_screen_section_slide=\u00bbno\u00bb text_align=\u00bbleft\u00bb css_animation=\u00bb\u00bb][vc_column_inner width=\u00bb1\/12&#8243;][\/vc_column_inner][vc_column_inner width=\u00bb10\/12&#8243;][vc_column_text]<\/p>\n<h2>Fundadores<\/h2>\n<p>[\/vc_column_text][vc_empty_space height=\u00bb50px\u00bb][\/vc_column_inner][vc_column_inner width=\u00bb1\/12&#8243;][\/vc_column_inner][\/vc_row_inner][vc_row_inner row_type=\u00bbrow\u00bb type=\u00bbfull_width\u00bb use_row_as_full_screen_section_slide=\u00bbno\u00bb text_align=\u00bbleft\u00bb css_animation=\u00bb\u00bb][vc_column_inner width=\u00bb1\/12&#8243; offset=\u00bbvc_col-sm-offset-0&#8243;][\/vc_column_inner][vc_column_inner width=\u00bb5\/12&#8243;][vc_single_image image=\u00bb1927&#8243; img_size=\u00bbfull\u00bb qode_css_animation=\u00bb\u00bb][\/vc_column_inner][vc_column_inner width=\u00bb5\/12&#8243;][vc_column_text]<\/p>\n<h4>I\u00d1IGO ESCRIBANO CALVO | CTO<\/h4>\n<p>[\/vc_column_text][vc_empty_space][vc_column_text]<\/p>\n<h5><strong><em>Ingeniero en Sistemas Inform\u00e1ticos<br \/>\nGesti\u00f3n empresarial y marketing<br \/>\n<\/em><\/strong><\/h5>\n<p>[\/vc_column_text][vc_empty_space][vc_column_text]Ex Gerente de Producto y GTM<\/p>\n<p>&nbsp;<\/p>\n<p>Antiguo desarrollador Fullstack<\/p>\n<p>&nbsp;<\/p>\n<p>Ex ingeniero de soluciones t\u00e9cnicas<\/p>\n<p>&nbsp;<\/p>\n<p>Experiencia de desarrollo con IA[\/vc_column_text][\/vc_column_inner][vc_column_inner el_class=\u00bbtablet-none\u00bb width=\u00bb1\/12&#8243; offset=\u00bbvc_hidden-sm\u00bb][\/vc_column_inner][\/vc_row_inner][vc_empty_space height=\u00bb50px\u00bb][vc_row_inner row_type=\u00bbrow\u00bb type=\u00bbfull_width\u00bb use_row_as_full_screen_section_slide=\u00bbno\u00bb text_align=\u00bbleft\u00bb css_animation=\u00bb\u00bb][vc_column_inner width=\u00bb1\/12&#8243;][\/vc_column_inner][vc_column_inner width=\u00bb5\/12&#8243;][vc_single_image image=\u00bb388&#8243; img_size=\u00bbfull\u00bb qode_css_animation=\u00bb\u00bb][\/vc_column_inner][vc_column_inner width=\u00bb5\/12&#8243;][vc_column_text]<\/p>\n<h4>IGNACIO ARRIETA LARRAZ | CEO<\/h4>\n<p>[\/vc_column_text][vc_empty_space][vc_column_text]<\/p>\n<h5><strong><em>Gesti\u00f3n y administraci\u00f3n de empresas<\/em><\/strong><\/h5>\n<h5><strong><em>Master en Finanzas con especializaci\u00f3n en Fusiones y Adquisiciones<br \/>\n<\/em><\/strong><\/h5>\n<p>[\/vc_column_text][vc_empty_space][vc_column_text]Certificaci\u00f3n CIPP\/E<\/p>\n<p>&nbsp;<\/p>\n<p>Compliance officer y Director de Protecci\u00f3n de Datos en la UE para multinacionales tecnol\u00f3gicas<\/p>\n<p>&nbsp;<\/p>\n<p>Exdirector de la junta directiva<\/p>\n<p>&nbsp;<\/p>\n<p>Exdirector, Asuntos Legales y Privacidad EMEA<\/p>\n<p>&nbsp;<\/p>\n<p>Experiencia en desarrollo de negocio en proyectos SaaS en fase de Scale Up[\/vc_column_text][\/vc_column_inner][vc_column_inner width=\u00bb1\/12&#8243;][\/vc_column_inner][\/vc_row_inner][vc_row_inner row_type=\u00bbrow\u00bb type=\u00bbfull_width\u00bb use_row_as_full_screen_section_slide=\u00bbno\u00bb text_align=\u00bbcenter\u00bb css_animation=\u00bb\u00bb][vc_column_inner width=\u00bb1\/3&#8243;][\/vc_column_inner][vc_column_inner width=\u00bb1\/3&#8243; offset=\u00bbvc_hidden-xs\u00bb][vc_empty_space height=\u00bb100px\u00bb][\/vc_column_inner][vc_column_inner width=\u00bb1\/3&#8243;][\/vc_column_inner][\/vc_row_inner][vc_row_inner row_type=\u00bbrow\u00bb type=\u00bbfull_width\u00bb use_row_as_full_screen_section_slide=\u00bbno\u00bb text_align=\u00bbcenter\u00bb css_animation=\u00bb\u00bb][vc_column_inner width=\u00bb1\/3&#8243;][\/vc_column_inner][vc_column_inner width=\u00bb1\/3&#8243; offset=\u00bbvc_hidden-lg vc_hidden-md vc_hidden-sm\u00bb][vc_empty_space height=\u00bb50px\u00bb][\/vc_column_inner][vc_column_inner width=\u00bb1\/3&#8243;][\/vc_column_inner][\/vc_row_inner][vc_row_inner row_type=\u00bbrow\u00bb type=\u00bbfull_width\u00bb use_row_as_full_screen_section_slide=\u00bbno\u00bb text_align=\u00bbcenter\u00bb css_animation=\u00bb\u00bb][vc_column_inner width=\u00bb1\/3&#8243;][\/vc_column_inner][vc_column_inner width=\u00bb1\/3&#8243;]<a href=\"https:\/\/seifti.io\/es\/contactenos\/\" target=\"_self\"  class=\"qbutton  white\" style=\"\">Cont\u00e1ctenos<\/a>[vc_empty_space height=\u00bb200px\u00bb][\/vc_column_inner][vc_column_inner width=\u00bb1\/3&#8243;][\/vc_column_inner][\/vc_row_inner][\/vc_column][\/vc_row][vc_row row_type=\u00bbrow\u00bb use_row_as_full_screen_section=\u00bbno\u00bb type=\u00bbfull_width\u00bb text_align=\u00bbleft\u00bb background_animation=\u00bbnone\u00bb css_animation=\u00bb\u00bb][vc_column][vc_empty_space height=\u00bb100px\u00bb][\/vc_column][\/vc_row]<\/p>\n<\/section>","protected":false},"excerpt":{"rendered":"<p>[vc_row row_type=\u00bbrow\u00bb use_row_as_full_screen_section=\u00bbno\u00bb type=\u00bbfull_width\u00bb text_align=\u00bbleft\u00bb background_animation=\u00bbnone\u00bb css_animation=\u00bb\u00bb][vc_column offset=\u00bbvc_hidden-xs\u00bb][vc_empty_space height=\u00bb100px\u00bb][\/vc_column][\/vc_row][vc_row row_type=\u00bbrow\u00bb use_row_as_full_screen_section=\u00bbno\u00bb type=\u00bbgrid\u00bb text_align=\u00bbleft\u00bb background_animation=\u00bbnone\u00bb css_animation=\u00bbelement_from_left\u00bb][vc_column width=\u00bb1\/2&#8243;][vc_column_text] \u00a1Democratizando la tecnolog\u00eda legal! [\/vc_column_text][vc_empty_space height=\u00bb50px\u00bb][vc_column_text]Queremos ayudar y formar a las empresas en materia de protecci\u00f3n de datos y seguridad de la informaci\u00f3n.[\/vc_column_text][vc_row_inner row_type=\u00bbrow\u00bb type=\u00bbfull_width\u00bb use_row_as_full_screen_section_slide=\u00bbno\u00bb text_align=\u00bbleft\u00bb css_animation=\u00bb\u00bb][vc_column_inner offset=\u00bbvc_hidden-xs\u00bb][vc_empty_space&#8230;<\/p>\n","protected":false},"author":2,"featured_media":0,"parent":0,"menu_order":0,"comment_status":"closed","ping_status":"closed","template":"full_width.php","meta":{"inline_featured_image":false,"footnotes":""},"class_list":["post-3669","page","type-page","status-publish","hentry"],"yoast_head":"<!-- This site is optimized with the Yoast SEO plugin v22.8 - https:\/\/yoast.com\/wordpress\/plugins\/seo\/ -->\n<title>Sobre nosotros - Seifti<\/title>\n<meta name=\"robots\" content=\"index, follow, max-snippet:-1, max-image-preview:large, max-video-preview:-1\" \/>\n<link rel=\"canonical\" href=\"https:\/\/seifti.io\/es\/sobre-nosotros\/\" \/>\n<meta property=\"og:locale\" content=\"es_ES\" \/>\n<meta property=\"og:type\" content=\"article\" \/>\n<meta property=\"og:title\" content=\"Sobre nosotros - Seifti\" \/>\n<meta property=\"og:description\" content=\"[vc_row row_type=\u00bbrow\u00bb use_row_as_full_screen_section=\u00bbno\u00bb type=\u00bbfull_width\u00bb text_align=\u00bbleft\u00bb background_animation=\u00bbnone\u00bb css_animation=\u00bb\u00bb][vc_column offset=\u00bbvc_hidden-xs\u00bb][vc_empty_space height=\u00bb100px\u00bb][\/vc_column][\/vc_row][vc_row row_type=\u00bbrow\u00bb use_row_as_full_screen_section=\u00bbno\u00bb type=\u00bbgrid\u00bb text_align=\u00bbleft\u00bb background_animation=\u00bbnone\u00bb css_animation=\u00bbelement_from_left\u00bb][vc_column width=\u00bb1\/2&#8243;][vc_column_text] \u00a1Democratizando la tecnolog\u00eda legal! [\/vc_column_text][vc_empty_space height=\u00bb50px\u00bb][vc_column_text]Queremos ayudar y formar a las empresas en materia de protecci\u00f3n de datos y seguridad de la informaci\u00f3n.[\/vc_column_text][vc_row_inner row_type=\u00bbrow\u00bb type=\u00bbfull_width\u00bb use_row_as_full_screen_section_slide=\u00bbno\u00bb text_align=\u00bbleft\u00bb css_animation=\u00bb\u00bb][vc_column_inner offset=\u00bbvc_hidden-xs\u00bb][vc_empty_space...\" \/>\n<meta property=\"og:url\" content=\"https:\/\/seifti.io\/es\/sobre-nosotros\/\" \/>\n<meta property=\"og:site_name\" content=\"Seifti\" \/>\n<meta property=\"article:modified_time\" content=\"2024-05-17T09:15:35+00:00\" \/>\n<meta name=\"twitter:card\" content=\"summary_large_image\" \/>\n<meta name=\"twitter:site\" content=\"@seifti_io\" \/>\n<meta name=\"twitter:label1\" content=\"Tiempo de lectura\" \/>\n\t<meta name=\"twitter:data1\" content=\"4 minutos\" \/>\n<script type=\"application\/ld+json\" class=\"yoast-schema-graph\">{\"@context\":\"https:\/\/schema.org\",\"@graph\":[{\"@type\":\"WebPage\",\"@id\":\"https:\/\/seifti.io\/es\/sobre-nosotros\/\",\"url\":\"https:\/\/seifti.io\/es\/sobre-nosotros\/\",\"name\":\"Sobre nosotros - Seifti\",\"isPartOf\":{\"@id\":\"https:\/\/seifti.io\/es\/#website\"},\"datePublished\":\"2023-02-28T10:25:00+00:00\",\"dateModified\":\"2024-05-17T09:15:35+00:00\",\"breadcrumb\":{\"@id\":\"https:\/\/seifti.io\/es\/sobre-nosotros\/#breadcrumb\"},\"inLanguage\":\"es\",\"potentialAction\":[{\"@type\":\"ReadAction\",\"target\":[\"https:\/\/seifti.io\/es\/sobre-nosotros\/\"]}]},{\"@type\":\"BreadcrumbList\",\"@id\":\"https:\/\/seifti.io\/es\/sobre-nosotros\/#breadcrumb\",\"itemListElement\":[{\"@type\":\"ListItem\",\"position\":1,\"name\":\"Seifti\",\"item\":\"https:\/\/seifti.io\/es\/\"},{\"@type\":\"ListItem\",\"position\":2,\"name\":\"Sobre nosotros\"}]},{\"@type\":\"WebSite\",\"@id\":\"https:\/\/seifti.io\/es\/#website\",\"url\":\"https:\/\/seifti.io\/es\/\",\"name\":\"Seifti\",\"description\":\" Maximize the value of your data while ensuring compliance &amp; trust.\",\"publisher\":{\"@id\":\"https:\/\/seifti.io\/es\/#organization\"},\"potentialAction\":[{\"@type\":\"SearchAction\",\"target\":{\"@type\":\"EntryPoint\",\"urlTemplate\":\"https:\/\/seifti.io\/es\/?s={search_term_string}\"},\"query-input\":\"required name=search_term_string\"}],\"inLanguage\":\"es\"},{\"@type\":\"Organization\",\"@id\":\"https:\/\/seifti.io\/es\/#organization\",\"name\":\"Seifti\",\"url\":\"https:\/\/seifti.io\/es\/\",\"logo\":{\"@type\":\"ImageObject\",\"inLanguage\":\"es\",\"@id\":\"https:\/\/seifti.io\/es\/#\/schema\/logo\/image\/\",\"url\":\"https:\/\/seifti.io\/wp-content\/uploads\/2023\/05\/seifti-logo.png\",\"contentUrl\":\"https:\/\/seifti.io\/wp-content\/uploads\/2023\/05\/seifti-logo.png\",\"width\":347,\"height\":96,\"caption\":\"Seifti\"},\"image\":{\"@id\":\"https:\/\/seifti.io\/es\/#\/schema\/logo\/image\/\"},\"sameAs\":[\"https:\/\/x.com\/seifti_io\",\"https:\/\/www.linkedin.com\/company\/seiftionlinkedin\/\"]}]}<\/script>\n<!-- \/ Yoast SEO plugin. -->","yoast_head_json":{"title":"Sobre nosotros - Seifti","robots":{"index":"index","follow":"follow","max-snippet":"max-snippet:-1","max-image-preview":"max-image-preview:large","max-video-preview":"max-video-preview:-1"},"canonical":"https:\/\/seifti.io\/es\/sobre-nosotros\/","og_locale":"es_ES","og_type":"article","og_title":"Sobre nosotros - Seifti","og_description":"[vc_row row_type=\u00bbrow\u00bb use_row_as_full_screen_section=\u00bbno\u00bb type=\u00bbfull_width\u00bb text_align=\u00bbleft\u00bb background_animation=\u00bbnone\u00bb css_animation=\u00bb\u00bb][vc_column offset=\u00bbvc_hidden-xs\u00bb][vc_empty_space height=\u00bb100px\u00bb][\/vc_column][\/vc_row][vc_row row_type=\u00bbrow\u00bb use_row_as_full_screen_section=\u00bbno\u00bb type=\u00bbgrid\u00bb text_align=\u00bbleft\u00bb background_animation=\u00bbnone\u00bb css_animation=\u00bbelement_from_left\u00bb][vc_column width=\u00bb1\/2&#8243;][vc_column_text] \u00a1Democratizando la tecnolog\u00eda legal! [\/vc_column_text][vc_empty_space height=\u00bb50px\u00bb][vc_column_text]Queremos ayudar y formar a las empresas en materia de protecci\u00f3n de datos y seguridad de la informaci\u00f3n.[\/vc_column_text][vc_row_inner row_type=\u00bbrow\u00bb type=\u00bbfull_width\u00bb use_row_as_full_screen_section_slide=\u00bbno\u00bb text_align=\u00bbleft\u00bb css_animation=\u00bb\u00bb][vc_column_inner offset=\u00bbvc_hidden-xs\u00bb][vc_empty_space...","og_url":"https:\/\/seifti.io\/es\/sobre-nosotros\/","og_site_name":"Seifti","article_modified_time":"2024-05-17T09:15:35+00:00","twitter_card":"summary_large_image","twitter_site":"@seifti_io","twitter_misc":{"Tiempo de lectura":"4 minutos"},"schema":{"@context":"https:\/\/schema.org","@graph":[{"@type":"WebPage","@id":"https:\/\/seifti.io\/es\/sobre-nosotros\/","url":"https:\/\/seifti.io\/es\/sobre-nosotros\/","name":"Sobre nosotros - Seifti","isPartOf":{"@id":"https:\/\/seifti.io\/es\/#website"},"datePublished":"2023-02-28T10:25:00+00:00","dateModified":"2024-05-17T09:15:35+00:00","breadcrumb":{"@id":"https:\/\/seifti.io\/es\/sobre-nosotros\/#breadcrumb"},"inLanguage":"es","potentialAction":[{"@type":"ReadAction","target":["https:\/\/seifti.io\/es\/sobre-nosotros\/"]}]},{"@type":"BreadcrumbList","@id":"https:\/\/seifti.io\/es\/sobre-nosotros\/#breadcrumb","itemListElement":[{"@type":"ListItem","position":1,"name":"Seifti","item":"https:\/\/seifti.io\/es\/"},{"@type":"ListItem","position":2,"name":"Sobre nosotros"}]},{"@type":"WebSite","@id":"https:\/\/seifti.io\/es\/#website","url":"https:\/\/seifti.io\/es\/","name":"Seifti","description":" Maximize the value of your data while ensuring compliance &amp; trust.","publisher":{"@id":"https:\/\/seifti.io\/es\/#organization"},"potentialAction":[{"@type":"SearchAction","target":{"@type":"EntryPoint","urlTemplate":"https:\/\/seifti.io\/es\/?s={search_term_string}"},"query-input":"required name=search_term_string"}],"inLanguage":"es"},{"@type":"Organization","@id":"https:\/\/seifti.io\/es\/#organization","name":"Seifti","url":"https:\/\/seifti.io\/es\/","logo":{"@type":"ImageObject","inLanguage":"es","@id":"https:\/\/seifti.io\/es\/#\/schema\/logo\/image\/","url":"https:\/\/seifti.io\/wp-content\/uploads\/2023\/05\/seifti-logo.png","contentUrl":"https:\/\/seifti.io\/wp-content\/uploads\/2023\/05\/seifti-logo.png","width":347,"height":96,"caption":"Seifti"},"image":{"@id":"https:\/\/seifti.io\/es\/#\/schema\/logo\/image\/"},"sameAs":["https:\/\/x.com\/seifti_io","https:\/\/www.linkedin.com\/company\/seiftionlinkedin\/"]}]}},"_links":{"self":[{"href":"https:\/\/seifti.io\/es\/wp-json\/wp\/v2\/pages\/3669","targetHints":{"allow":["GET"]}}],"collection":[{"href":"https:\/\/seifti.io\/es\/wp-json\/wp\/v2\/pages"}],"about":[{"href":"https:\/\/seifti.io\/es\/wp-json\/wp\/v2\/types\/page"}],"author":[{"embeddable":true,"href":"https:\/\/seifti.io\/es\/wp-json\/wp\/v2\/users\/2"}],"replies":[{"embeddable":true,"href":"https:\/\/seifti.io\/es\/wp-json\/wp\/v2\/comments?post=3669"}],"version-history":[{"count":11,"href":"https:\/\/seifti.io\/es\/wp-json\/wp\/v2\/pages\/3669\/revisions"}],"predecessor-version":[{"id":5487,"href":"https:\/\/seifti.io\/es\/wp-json\/wp\/v2\/pages\/3669\/revisions\/5487"}],"wp:attachment":[{"href":"https:\/\/seifti.io\/es\/wp-json\/wp\/v2\/media?parent=3669"}],"curies":[{"name":"wp","href":"https:\/\/api.w.org\/{rel}","templated":true}]}}