{"id":3849,"date":"2023-02-28T10:25:46","date_gmt":"2023-02-28T10:25:46","guid":{"rendered":"https:\/\/seifti.io\/contactenos\/"},"modified":"2023-11-30T12:40:57","modified_gmt":"2023-11-30T12:40:57","slug":"contactenos","status":"publish","type":"page","link":"https:\/\/seifti.io\/es\/contactenos\/","title":{"rendered":"Cont\u00e1ctenos"},"content":{"rendered":"<section class=\"wpb-content-wrapper\"><p>[vc_row row_type=\u00bbrow\u00bb use_row_as_full_screen_section=\u00bbno\u00bb type=\u00bbfull_width\u00bb text_align=\u00bbleft\u00bb background_animation=\u00bbnone\u00bb css_animation=\u00bb\u00bb][vc_column][vc_empty_space height=\u00bb100px\u00bb][\/vc_column][\/vc_row][vc_row row_type=\u00bbrow\u00bb use_row_as_full_screen_section=\u00bbno\u00bb type=\u00bbgrid\u00bb text_align=\u00bbleft\u00bb background_animation=\u00bbnone\u00bb css_animation=\u00bbelement_from_left\u00bb][vc_column width=\u00bb1\/2&#8243; css=\u00bb.vc_custom_1701180390739{padding-right: 50px !important;}\u00bb][vc_empty_space height=\u00bb50px\u00bb][vc_column_text]<\/p>\n<h2>\u00bfNecesita hablar con nuestro equipo de ventas?<\/h2>\n<p>[\/vc_column_text][vc_empty_space height=\u00bb50px\u00bb][vc_column_text]Por favor, si desea ponerse en contacto con nosotros a trav\u00e9s de correo electr\u00f3nico escriba su solicitud y nos pondremos en contacto con usted en las pr\u00f3ximas 24h.[\/vc_column_text][vc_empty_space height=\u00bb50px\u00bb][\/vc_column][vc_column width=\u00bb1\/2&#8243;][vc_raw_js]JTNDc2NyaXB0JTIwY2hhcnNldCUzRCUyMnV0Zi04JTIyJTIwdHlwZSUzRCUyMnRleHQlMkZqYXZhc2NyaXB0JTIyJTIwc3JjJTNEJTIyJTJGJTJGanMtZXUxLmhzZm9ybXMubmV0JTJGZm9ybXMlMkZlbWJlZCUyRnYyLmpzJTIyJTNFJTNDJTJGc2NyaXB0JTNFJTBBJTNDc2NyaXB0JTNFJTBBJTIwJTIwaGJzcHQuZm9ybXMuY3JlYXRlJTI4JTdCJTBBJTIwJTIwJTIwJTIwcmVnaW9uJTNBJTIwJTIyZXUxJTIyJTJDJTBBJTIwJTIwJTIwJTIwcG9ydGFsSWQlM0ElMjAlMjIyNTQwNDAxMCUyMiUyQyUwQSUyMCUyMCUyMCUyMGZvcm1JZCUzQSUyMCUyMjQ1MGI1ZWRlLWNhNTUtNDc2Yy04OTRjLWYzMTc1ZWRkODIzOSUyMiUwQSUyMCUyMCU3RCUyOSUzQiUwQSUzQyUyRnNjcmlwdCUzRSUwQQ==[\/vc_raw_js][\/vc_column][\/vc_row][vc_row row_type=\u00bbrow\u00bb use_row_as_full_screen_section=\u00bbno\u00bb type=\u00bbfull_width\u00bb text_align=\u00bbleft\u00bb background_animation=\u00bbnone\u00bb css_animation=\u00bb\u00bb][vc_column][vc_empty_space height=\u00bb100px\u00bb][\/vc_column][\/vc_row][vc_row row_type=\u00bbrow\u00bb use_row_as_full_screen_section=\u00bbno\u00bb type=\u00bbgrid\u00bb text_align=\u00bbleft\u00bb background_animation=\u00bbnone\u00bb css_animation=\u00bbelement_from_right\u00bb css=\u00bb.vc_custom_1701180322241{background-color: #f6f6f6 !important;background-position: center !important;background-repeat: no-repeat !important;background-size: cover !important;}\u00bb][vc_column][vc_empty_space height=\u00bb100px\u00bb][vc_row_inner row_type=\u00bbrow\u00bb type=\u00bbfull_width\u00bb use_row_as_full_screen_section_slide=\u00bbno\u00bb text_align=\u00bbleft\u00bb css_animation=\u00bb\u00bb][vc_column_inner width=\u00bb2\/3&#8243;][vc_column_text]<\/p>\n<h2>Vis\u00edtenos cuando quiera o ll\u00e1menos<\/h2>\n<p>[\/vc_column_text][vc_empty_space height=\u00bb50px\u00bb][\/vc_column_inner][vc_column_inner width=\u00bb1\/3&#8243;][\/vc_column_inner][\/vc_row_inner][vc_row_inner row_type=\u00bbrow\u00bb type=\u00bbfull_width\u00bb use_row_as_full_screen_section_slide=\u00bbno\u00bb text_align=\u00bbleft\u00bb css_animation=\u00bb\u00bb][vc_column_inner offset=\u00bbvc_hidden-sm vc_hidden-xs\u00bb][vc_empty_space height=\u00bb100px\u00bb][\/vc_column_inner][\/vc_row_inner][vc_row_inner row_type=\u00bbrow\u00bb type=\u00bbfull_width\u00bb use_row_as_full_screen_section_slide=\u00bbno\u00bb text_align=\u00bbleft\u00bb css_animation=\u00bb\u00bb][vc_column_inner offset=\u00bbvc_hidden-lg vc_hidden-md\u00bb][vc_empty_space height=\u00bb50px\u00bb][\/vc_column_inner][\/vc_row_inner][vc_row_inner row_type=\u00bbrow\u00bb type=\u00bbgrid\u00bb use_row_as_full_screen_section_slide=\u00bbno\u00bb text_align=\u00bbleft\u00bb css_animation=\u00bb\u00bb][vc_column_inner el_class=\u00bbcolumnaInterior\u00bb width=\u00bb5\/12&#8243;][vc_column_text] <a href=\"tel:+34676666938\"><img decoding=\"async\" class=\"alignnone wp-image-2388\" src=\"https:\/\/seifti.io\/wp-content\/uploads\/2023\/04\/phone-icon-contact-us-black.svg\" alt=\"\" width=\"26\" height=\"26\" \/> <\/a><a class=\"linkContact\" href=\"tel:+34676666938\">+34 676 66 69 38<\/a><\/p>\n<p>&nbsp;<\/p>\n<p><a class=\"linkContact\" href=\"mailto:sales@seifti.io\"><img decoding=\"async\" class=\"alignnone wp-image-2390\" src=\"https:\/\/seifti.io\/wp-content\/uploads\/2023\/04\/Icon-mail-contact-us.svg\" alt=\"\" width=\"26\" height=\"30\" \/><\/a> <a class=\"linkContact\" href=\"mailto:sales@seifti.io\">sales@seifti.io<\/a><\/p>\n<p>&nbsp;<\/p>\n<p><a href=\"https:\/\/www.linkedin.com\/company\/seiftionlinkedin\/\"><img decoding=\"async\" class=\"alignnone wp-image-2383\" src=\"https:\/\/seifti.io\/wp-content\/uploads\/2023\/04\/linkedin-icon-contact-us.svg\" alt=\"\" width=\"26\" height=\"26\" \/><\/a> <a class=\"linkContact\" href=\"https:\/\/www.linkedin.com\/company\/seiftionlinkedin\/\">Perfil profesional<\/a>[\/vc_column_text][\/vc_column_inner][vc_column_inner width=\u00bb1\/12&#8243;][\/vc_column_inner][vc_column_inner width=\u00bb6\/12&#8243;][vc_raw_html]JTNDaWZyYW1lJTIwc3R5bGUlM0QlMjJib3gtc2hhZG93JTNBJTIwMHB4JTIwMHB4JTIwMTVweCUyMDVweCUyMCUyM2VhZTllOSUzQiUwQSUyMCUyMCUyMCUyMGJvcmRlci1yYWRpdXMlM0ElMjA4cHglM0IlMjJzcmMlM0QlMjJodHRwcyUzQSUyRiUyRnd3dy5nb29nbGUuY29tJTJGbWFwcyUyRmVtYmVkJTNGcGIlM0QlMjExbTE4JTIxMW0xMiUyMTFtMyUyMTFkMzAzNi41MTI5MzM2ODU2NDIlMjEyZC0zLjcwNjU3OTM0ODM4MDg0NCUyMTNkNDAuNDQxNzgyODYxOTM3MTE0JTIxMm0zJTIxMWYwJTIxMmYwJTIxM2YwJTIxM20yJTIxMWkxMDI0JTIxMmk3NjglMjE0ZjEzLjElMjEzbTMlMjExbTIlMjExczB4ZDQyMjg1ODQzZDY5NDQzJTI1M0EweDg2ZTExY2MzNjEyNzc4MGYlMjEyc1BsLiUyNTIwZGUlMjUyMEp1YW4lMjUyMFpvcnJpbGxhJTI1MkMlMjUyMDElMjUyQyUyNTIwMjgwMDMlMjUyME1hZHJpZCUyMTVlMCUyMTNtMiUyMTFzZXMlMjEyc2VzJTIxNHYxNjgwMjU4NjA0ODQzJTIxNW0yJTIxMXNlcyUyMTJzZXMlMjIlMjB3aWR0aCUzRCUyMjEwMCUyNSUyMiUyMGhlaWdodCUzRCUyMjQ1MCUyMiUyMHN0eWxlJTNEJTIyYm9yZGVyJTNBMCUzQiUyMiUyMGFsbG93ZnVsbHNjcmVlbiUzRCUyMiUyMiUyMGxvYWRpbmclM0QlMjJsYXp5JTIyJTIwcmVmZXJyZXJwb2xpY3klM0QlMjJuby1yZWZlcnJlci13aGVuLWRvd25ncmFkZSUyMiUzRSUzQyUyRmlmcmFtZSUzRQ==[\/vc_raw_html][\/vc_column_inner][\/vc_row_inner][vc_row_inner row_type=\u00bbrow\u00bb type=\u00bbfull_width\u00bb use_row_as_full_screen_section_slide=\u00bbno\u00bb text_align=\u00bbleft\u00bb css_animation=\u00bb\u00bb][vc_column_inner][vc_empty_space height=\u00bb100px\u00bb][\/vc_column_inner][\/vc_row_inner][\/vc_column][\/vc_row]<\/p>\n<\/section>","protected":false},"excerpt":{"rendered":"<p>[vc_row row_type=\u00bbrow\u00bb use_row_as_full_screen_section=\u00bbno\u00bb type=\u00bbfull_width\u00bb text_align=\u00bbleft\u00bb background_animation=\u00bbnone\u00bb css_animation=\u00bb\u00bb][vc_column][vc_empty_space height=\u00bb100px\u00bb][\/vc_column][\/vc_row][vc_row row_type=\u00bbrow\u00bb use_row_as_full_screen_section=\u00bbno\u00bb type=\u00bbgrid\u00bb text_align=\u00bbleft\u00bb background_animation=\u00bbnone\u00bb css_animation=\u00bbelement_from_left\u00bb][vc_column width=\u00bb1\/2&#8243; css=\u00bb.vc_custom_1701180390739{padding-right: 50px !important;}\u00bb][vc_empty_space height=\u00bb50px\u00bb][vc_column_text] \u00bfNecesita hablar con nuestro equipo de ventas? [\/vc_column_text][vc_empty_space height=\u00bb50px\u00bb][vc_column_text]Por favor, si desea ponerse en contacto con nosotros a trav\u00e9s de correo electr\u00f3nico escriba su solicitud y&#8230;<\/p>\n","protected":false},"author":2,"featured_media":0,"parent":0,"menu_order":0,"comment_status":"closed","ping_status":"closed","template":"full_width.php","meta":{"inline_featured_image":false,"footnotes":""},"class_list":["post-3849","page","type-page","status-publish","hentry"],"yoast_head":"<!-- This site is optimized with the Yoast SEO plugin v22.8 - https:\/\/yoast.com\/wordpress\/plugins\/seo\/ -->\n<title>Cont\u00e1ctenos - Seifti<\/title>\n<meta name=\"robots\" content=\"index, follow, max-snippet:-1, max-image-preview:large, max-video-preview:-1\" \/>\n<link rel=\"canonical\" href=\"https:\/\/seifti.io\/es\/contactenos\/\" \/>\n<meta property=\"og:locale\" content=\"es_ES\" \/>\n<meta property=\"og:type\" content=\"article\" \/>\n<meta property=\"og:title\" content=\"Cont\u00e1ctenos - Seifti\" \/>\n<meta property=\"og:description\" content=\"[vc_row row_type=\u00bbrow\u00bb use_row_as_full_screen_section=\u00bbno\u00bb type=\u00bbfull_width\u00bb text_align=\u00bbleft\u00bb background_animation=\u00bbnone\u00bb css_animation=\u00bb\u00bb][vc_column][vc_empty_space height=\u00bb100px\u00bb][\/vc_column][\/vc_row][vc_row row_type=\u00bbrow\u00bb use_row_as_full_screen_section=\u00bbno\u00bb type=\u00bbgrid\u00bb text_align=\u00bbleft\u00bb background_animation=\u00bbnone\u00bb css_animation=\u00bbelement_from_left\u00bb][vc_column width=\u00bb1\/2&#8243; css=\u00bb.vc_custom_1701180390739{padding-right: 50px !important;}\u00bb][vc_empty_space height=\u00bb50px\u00bb][vc_column_text] \u00bfNecesita hablar con nuestro equipo de ventas? [\/vc_column_text][vc_empty_space height=\u00bb50px\u00bb][vc_column_text]Por favor, si desea ponerse en contacto con nosotros a trav\u00e9s de correo electr\u00f3nico escriba su solicitud y...\" \/>\n<meta property=\"og:url\" content=\"https:\/\/seifti.io\/es\/contactenos\/\" \/>\n<meta property=\"og:site_name\" content=\"Seifti\" \/>\n<meta property=\"article:modified_time\" content=\"2023-11-30T12:40:57+00:00\" \/>\n<meta property=\"og:image\" content=\"https:\/\/seifti.io\/wp-content\/uploads\/2023\/04\/phone-icon-contact-us-black.svg\" \/>\n<meta name=\"twitter:card\" content=\"summary_large_image\" \/>\n<meta name=\"twitter:site\" content=\"@seifti_io\" \/>\n<meta name=\"twitter:label1\" content=\"Tiempo de lectura\" \/>\n\t<meta name=\"twitter:data1\" content=\"2 minutos\" \/>\n<script type=\"application\/ld+json\" class=\"yoast-schema-graph\">{\"@context\":\"https:\/\/schema.org\",\"@graph\":[{\"@type\":\"WebPage\",\"@id\":\"https:\/\/seifti.io\/es\/contactenos\/\",\"url\":\"https:\/\/seifti.io\/es\/contactenos\/\",\"name\":\"Cont\u00e1ctenos - Seifti\",\"isPartOf\":{\"@id\":\"https:\/\/seifti.io\/es\/#website\"},\"primaryImageOfPage\":{\"@id\":\"https:\/\/seifti.io\/es\/contactenos\/#primaryimage\"},\"image\":{\"@id\":\"https:\/\/seifti.io\/es\/contactenos\/#primaryimage\"},\"thumbnailUrl\":\"https:\/\/seifti.io\/wp-content\/uploads\/2023\/04\/phone-icon-contact-us-black.svg\",\"datePublished\":\"2023-02-28T10:25:46+00:00\",\"dateModified\":\"2023-11-30T12:40:57+00:00\",\"breadcrumb\":{\"@id\":\"https:\/\/seifti.io\/es\/contactenos\/#breadcrumb\"},\"inLanguage\":\"es\",\"potentialAction\":[{\"@type\":\"ReadAction\",\"target\":[\"https:\/\/seifti.io\/es\/contactenos\/\"]}]},{\"@type\":\"ImageObject\",\"inLanguage\":\"es\",\"@id\":\"https:\/\/seifti.io\/es\/contactenos\/#primaryimage\",\"url\":\"https:\/\/seifti.io\/wp-content\/uploads\/2023\/04\/phone-icon-contact-us-black.svg\",\"contentUrl\":\"https:\/\/seifti.io\/wp-content\/uploads\/2023\/04\/phone-icon-contact-us-black.svg\"},{\"@type\":\"BreadcrumbList\",\"@id\":\"https:\/\/seifti.io\/es\/contactenos\/#breadcrumb\",\"itemListElement\":[{\"@type\":\"ListItem\",\"position\":1,\"name\":\"Seifti\",\"item\":\"https:\/\/seifti.io\/es\/\"},{\"@type\":\"ListItem\",\"position\":2,\"name\":\"Cont\u00e1ctenos\"}]},{\"@type\":\"WebSite\",\"@id\":\"https:\/\/seifti.io\/es\/#website\",\"url\":\"https:\/\/seifti.io\/es\/\",\"name\":\"Seifti\",\"description\":\" Maximize the value of your data while ensuring compliance &amp; trust.\",\"publisher\":{\"@id\":\"https:\/\/seifti.io\/es\/#organization\"},\"potentialAction\":[{\"@type\":\"SearchAction\",\"target\":{\"@type\":\"EntryPoint\",\"urlTemplate\":\"https:\/\/seifti.io\/es\/?s={search_term_string}\"},\"query-input\":\"required name=search_term_string\"}],\"inLanguage\":\"es\"},{\"@type\":\"Organization\",\"@id\":\"https:\/\/seifti.io\/es\/#organization\",\"name\":\"Seifti\",\"url\":\"https:\/\/seifti.io\/es\/\",\"logo\":{\"@type\":\"ImageObject\",\"inLanguage\":\"es\",\"@id\":\"https:\/\/seifti.io\/es\/#\/schema\/logo\/image\/\",\"url\":\"https:\/\/seifti.io\/wp-content\/uploads\/2023\/05\/seifti-logo.png\",\"contentUrl\":\"https:\/\/seifti.io\/wp-content\/uploads\/2023\/05\/seifti-logo.png\",\"width\":347,\"height\":96,\"caption\":\"Seifti\"},\"image\":{\"@id\":\"https:\/\/seifti.io\/es\/#\/schema\/logo\/image\/\"},\"sameAs\":[\"https:\/\/x.com\/seifti_io\",\"https:\/\/www.linkedin.com\/company\/seiftionlinkedin\/\"]}]}<\/script>\n<!-- \/ Yoast SEO plugin. -->","yoast_head_json":{"title":"Cont\u00e1ctenos - Seifti","robots":{"index":"index","follow":"follow","max-snippet":"max-snippet:-1","max-image-preview":"max-image-preview:large","max-video-preview":"max-video-preview:-1"},"canonical":"https:\/\/seifti.io\/es\/contactenos\/","og_locale":"es_ES","og_type":"article","og_title":"Cont\u00e1ctenos - Seifti","og_description":"[vc_row row_type=\u00bbrow\u00bb use_row_as_full_screen_section=\u00bbno\u00bb type=\u00bbfull_width\u00bb text_align=\u00bbleft\u00bb background_animation=\u00bbnone\u00bb css_animation=\u00bb\u00bb][vc_column][vc_empty_space height=\u00bb100px\u00bb][\/vc_column][\/vc_row][vc_row row_type=\u00bbrow\u00bb use_row_as_full_screen_section=\u00bbno\u00bb type=\u00bbgrid\u00bb text_align=\u00bbleft\u00bb background_animation=\u00bbnone\u00bb css_animation=\u00bbelement_from_left\u00bb][vc_column width=\u00bb1\/2&#8243; css=\u00bb.vc_custom_1701180390739{padding-right: 50px !important;}\u00bb][vc_empty_space height=\u00bb50px\u00bb][vc_column_text] \u00bfNecesita hablar con nuestro equipo de ventas? [\/vc_column_text][vc_empty_space height=\u00bb50px\u00bb][vc_column_text]Por favor, si desea ponerse en contacto con nosotros a trav\u00e9s de correo electr\u00f3nico escriba su solicitud y...","og_url":"https:\/\/seifti.io\/es\/contactenos\/","og_site_name":"Seifti","article_modified_time":"2023-11-30T12:40:57+00:00","og_image":[{"url":"https:\/\/seifti.io\/wp-content\/uploads\/2023\/04\/phone-icon-contact-us-black.svg"}],"twitter_card":"summary_large_image","twitter_site":"@seifti_io","twitter_misc":{"Tiempo de lectura":"2 minutos"},"schema":{"@context":"https:\/\/schema.org","@graph":[{"@type":"WebPage","@id":"https:\/\/seifti.io\/es\/contactenos\/","url":"https:\/\/seifti.io\/es\/contactenos\/","name":"Cont\u00e1ctenos - Seifti","isPartOf":{"@id":"https:\/\/seifti.io\/es\/#website"},"primaryImageOfPage":{"@id":"https:\/\/seifti.io\/es\/contactenos\/#primaryimage"},"image":{"@id":"https:\/\/seifti.io\/es\/contactenos\/#primaryimage"},"thumbnailUrl":"https:\/\/seifti.io\/wp-content\/uploads\/2023\/04\/phone-icon-contact-us-black.svg","datePublished":"2023-02-28T10:25:46+00:00","dateModified":"2023-11-30T12:40:57+00:00","breadcrumb":{"@id":"https:\/\/seifti.io\/es\/contactenos\/#breadcrumb"},"inLanguage":"es","potentialAction":[{"@type":"ReadAction","target":["https:\/\/seifti.io\/es\/contactenos\/"]}]},{"@type":"ImageObject","inLanguage":"es","@id":"https:\/\/seifti.io\/es\/contactenos\/#primaryimage","url":"https:\/\/seifti.io\/wp-content\/uploads\/2023\/04\/phone-icon-contact-us-black.svg","contentUrl":"https:\/\/seifti.io\/wp-content\/uploads\/2023\/04\/phone-icon-contact-us-black.svg"},{"@type":"BreadcrumbList","@id":"https:\/\/seifti.io\/es\/contactenos\/#breadcrumb","itemListElement":[{"@type":"ListItem","position":1,"name":"Seifti","item":"https:\/\/seifti.io\/es\/"},{"@type":"ListItem","position":2,"name":"Cont\u00e1ctenos"}]},{"@type":"WebSite","@id":"https:\/\/seifti.io\/es\/#website","url":"https:\/\/seifti.io\/es\/","name":"Seifti","description":" Maximize the value of your data while ensuring compliance &amp; trust.","publisher":{"@id":"https:\/\/seifti.io\/es\/#organization"},"potentialAction":[{"@type":"SearchAction","target":{"@type":"EntryPoint","urlTemplate":"https:\/\/seifti.io\/es\/?s={search_term_string}"},"query-input":"required name=search_term_string"}],"inLanguage":"es"},{"@type":"Organization","@id":"https:\/\/seifti.io\/es\/#organization","name":"Seifti","url":"https:\/\/seifti.io\/es\/","logo":{"@type":"ImageObject","inLanguage":"es","@id":"https:\/\/seifti.io\/es\/#\/schema\/logo\/image\/","url":"https:\/\/seifti.io\/wp-content\/uploads\/2023\/05\/seifti-logo.png","contentUrl":"https:\/\/seifti.io\/wp-content\/uploads\/2023\/05\/seifti-logo.png","width":347,"height":96,"caption":"Seifti"},"image":{"@id":"https:\/\/seifti.io\/es\/#\/schema\/logo\/image\/"},"sameAs":["https:\/\/x.com\/seifti_io","https:\/\/www.linkedin.com\/company\/seiftionlinkedin\/"]}]}},"_links":{"self":[{"href":"https:\/\/seifti.io\/es\/wp-json\/wp\/v2\/pages\/3849","targetHints":{"allow":["GET"]}}],"collection":[{"href":"https:\/\/seifti.io\/es\/wp-json\/wp\/v2\/pages"}],"about":[{"href":"https:\/\/seifti.io\/es\/wp-json\/wp\/v2\/types\/page"}],"author":[{"embeddable":true,"href":"https:\/\/seifti.io\/es\/wp-json\/wp\/v2\/users\/2"}],"replies":[{"embeddable":true,"href":"https:\/\/seifti.io\/es\/wp-json\/wp\/v2\/comments?post=3849"}],"version-history":[{"count":8,"href":"https:\/\/seifti.io\/es\/wp-json\/wp\/v2\/pages\/3849\/revisions"}],"predecessor-version":[{"id":4464,"href":"https:\/\/seifti.io\/es\/wp-json\/wp\/v2\/pages\/3849\/revisions\/4464"}],"wp:attachment":[{"href":"https:\/\/seifti.io\/es\/wp-json\/wp\/v2\/media?parent=3849"}],"curies":[{"name":"wp","href":"https:\/\/api.w.org\/{rel}","templated":true}]}}