{"id":5924,"date":"2024-06-13T11:58:42","date_gmt":"2024-06-13T11:58:42","guid":{"rendered":"https:\/\/seifti.io\/?page_id=5924"},"modified":"2024-06-17T08:48:08","modified_gmt":"2024-06-17T08:48:08","slug":"iso-42001","status":"publish","type":"page","link":"https:\/\/seifti.io\/es\/servicios-de-consultoria-de-ciberseguridad\/iso-42001\/","title":{"rendered":"ISO 42001"},"content":{"rendered":"<section class=\"wpb-content-wrapper\"><p>[vc_row row_type=\u00bbrow\u00bb use_row_as_full_screen_section=\u00bbno\u00bb type=\u00bbfull_width\u00bb text_align=\u00bbleft\u00bb background_animation=\u00bbnone\u00bb css_animation=\u00bb\u00bb][vc_column offset=\u00bbvc_hidden-sm vc_hidden-xs\u00bb][vc_empty_space height=\u00bb50px\u00bb][\/vc_column][\/vc_row][vc_row row_type=\u00bbrow\u00bb use_row_as_full_screen_section=\u00bbno\u00bb type=\u00bbgrid\u00bb text_align=\u00bbleft\u00bb background_animation=\u00bbnone\u00bb css_animation=\u00bbelement_from_left\u00bb][vc_column width=\u00bb1\/2&#8243;][vc_column_text]<\/p>\n<h1>ISO 42001<\/h1>\n<p>[\/vc_column_text][vc_empty_space height=\u00bb50px\u00bb][vc_column_text]<span style=\"font-weight: 400;\">La auditor\u00eda de la ISO 42001 le permitir\u00e1 establecer, implementar, mantener y mejorar de manera continua su sistema de gesti\u00f3n de IA.<\/span>[\/vc_column_text][vc_empty_space height=\u00bb50px\u00bb]<a href=\"https:\/\/seifti.io\/es\/contactenos\/\" target=\"_self\"  class=\"qbutton  white\" style=\"\">Cont\u00e1ctenos<\/a>[\/vc_column][vc_column width=\u00bb1\/2&#8243;][vc_row_inner row_type=\u00bbrow\u00bb type=\u00bbfull_width\u00bb use_row_as_full_screen_section_slide=\u00bbno\u00bb text_align=\u00bbleft\u00bb css_animation=\u00bb\u00bb][vc_column_inner offset=\u00bbvc_hidden-lg vc_hidden-md\u00bb][vc_empty_space height=\u00bb50px\u00bb][\/vc_column_inner][\/vc_row_inner][vc_column_text]<img fetchpriority=\"high\" decoding=\"async\" class=\"alignnone size-medium wp-image-5926\" src=\"https:\/\/seifti.io\/wp-content\/uploads\/2024\/06\/hola-5-500x500.png\" alt=\"\" width=\"500\" height=\"500\" srcset=\"https:\/\/seifti.io\/wp-content\/uploads\/2024\/06\/hola-5-500x500.png 500w, https:\/\/seifti.io\/wp-content\/uploads\/2024\/06\/hola-5-768x768.png 768w, https:\/\/seifti.io\/wp-content\/uploads\/2024\/06\/hola-5-550x550.png 550w, https:\/\/seifti.io\/wp-content\/uploads\/2024\/06\/hola-5-700x700.png 700w, https:\/\/seifti.io\/wp-content\/uploads\/2024\/06\/hola-5.png 1000w\" sizes=\"(max-width: 500px) 100vw, 500px\" \/>[\/vc_column_text][\/vc_column][\/vc_row][vc_row row_type=\u00bbrow\u00bb use_row_as_full_screen_section=\u00bbno\u00bb type=\u00bbfull_width\u00bb text_align=\u00bbleft\u00bb background_animation=\u00bbnone\u00bb css_animation=\u00bb\u00bb][vc_column offset=\u00bbvc_hidden-lg vc_hidden-md vc_hidden-sm\u00bb][vc_empty_space height=\u00bb100px\u00bb][\/vc_column][\/vc_row][vc_row row_type=\u00bbrow\u00bb use_row_as_full_screen_section=\u00bbno\u00bb type=\u00bbgrid\u00bb text_align=\u00bbleft\u00bb background_animation=\u00bbnone\u00bb css_animation=\u00bbelement_from_right\u00bb css=\u00bb.vc_custom_1680616992012{background-image: url(https:\/\/seifti.io\/wp-content\/uploads\/2023\/03\/backgrond-amarillo-elipsis.svg?id=1444) !important;background-position: center !important;background-repeat: no-repeat !important;background-size: cover !important;}\u00bb][vc_column][vc_row_inner row_type=\u00bbrow\u00bb type=\u00bbfull_width\u00bb use_row_as_full_screen_section_slide=\u00bbno\u00bb text_align=\u00bbleft\u00bb css_animation=\u00bb\u00bb][vc_column_inner offset=\u00bbvc_hidden-xs\u00bb][vc_empty_space height=\u00bb200px\u00bb][\/vc_column_inner][\/vc_row_inner][vc_row_inner row_type=\u00bbrow\u00bb type=\u00bbfull_width\u00bb use_row_as_full_screen_section_slide=\u00bbno\u00bb text_align=\u00bbleft\u00bb css_animation=\u00bb\u00bb][vc_column_inner width=\u00bb1\/2&#8243;][vc_column_text]<\/p>\n<h2>Obtenga una gu\u00eda de uso, prop\u00f3sito y aplicaci\u00f3n del est\u00e1ndar ISO 42001<\/h2>\n<p>[\/vc_column_text][vc_empty_space][\/vc_column_inner][vc_column_inner width=\u00bb1\/2&#8243;][vc_single_image image=\u00bb1022&#8243; img_size=\u00bbfull\u00bb onclick=\u00bblink_image\u00bb qode_css_animation=\u00bb\u00bb][\/vc_column_inner][\/vc_row_inner][vc_row_inner row_type=\u00bbrow\u00bb type=\u00bbfull_width\u00bb use_row_as_full_screen_section_slide=\u00bbno\u00bb text_align=\u00bbleft\u00bb css_animation=\u00bb\u00bb][vc_column_inner el_class=\u00bbcolumnaInterior\u00bb width=\u00bb1\/3&#8243;]<div class='q_icon_with_title   center with_custom_icon'><div class=\"icon_holder \" style=\"margin: 2px; \"><div class=\"icon_holder_inner\"><img decoding=\"async\" width=\"75\" height=\"78\" src=\"https:\/\/seifti.io\/wp-content\/uploads\/2023\/03\/Grupo-1251.svg\" class=\"attachment-full size-full\" alt=\"\" \/><\/div><\/div><div class=\"icon_text_holder\" style=\"\"><div class=\"icon_text_inner\" style=\"\"><h4 class=\"icon_title\" style=\"\">Nuestro equipo le asistir\u00e1 en el uso, prop\u00f3sito y aplicaci\u00f3n de esta certificaci\u00f3n relacionada con la gesti\u00f3n de la Inteligencia Artificial de manera que cumpla con los requisitos de la ISO 42001<\/h4><p style=''><\/p><\/div><\/div><\/div>[\/vc_column_inner][vc_column_inner el_class=\u00bbcolumnaInterior\u00bb width=\u00bb1\/3&#8243;]<div class='q_icon_with_title   center with_custom_icon'><div class=\"icon_holder \" style=\"margin: 4%; \"><div class=\"icon_holder_inner\"><img decoding=\"async\" width=\"75\" height=\"74\" src=\"https:\/\/seifti.io\/wp-content\/uploads\/2023\/03\/Grupo-1221.svg\" class=\"attachment-full size-full\" alt=\"\" \/><\/div><\/div><div class=\"icon_text_holder\" style=\"\"><div class=\"icon_text_inner\" style=\"\"><h4 class=\"icon_title\" style=\"\">Le introduciremos en la terminolog\u00eda aplicable a la ISO 42001<\/h4><p style=''><\/p><\/div><\/div><\/div>[\/vc_column_inner][vc_column_inner el_class=\u00bbcolumnaInterior\u00bb width=\u00bb1\/3&#8243;]<div class='q_icon_with_title   center with_custom_icon'><div class=\"icon_holder \" style=\"margin: 4%; \"><div class=\"icon_holder_inner\"><img loading=\"lazy\" decoding=\"async\" width=\"75\" height=\"80\" src=\"https:\/\/seifti.io\/wp-content\/uploads\/2023\/03\/Grupo-1237.svg\" class=\"attachment-full size-full\" alt=\"\" \/><\/div><\/div><div class=\"icon_text_holder\" style=\"\"><div class=\"icon_text_inner\" style=\"\"><h4 class=\"icon_title\" style=\"\">Nuestros expertos le ayudar\u00e1n a determinar el alcance de la gesti\u00f3n de su sistema de Inteligencia Artificial (IA)<\/h4><p style=''><\/p><\/div><\/div><\/div>[\/vc_column_inner][\/vc_row_inner][\/vc_column][\/vc_row][vc_row row_type=\u00bbrow\u00bb use_row_as_full_screen_section=\u00bbno\u00bb type=\u00bbfull_width\u00bb text_align=\u00bbleft\u00bb background_animation=\u00bbnone\u00bb css_animation=\u00bb\u00bb][vc_column offset=\u00bbvc_hidden-xs\u00bb][vc_empty_space height=\u00bb200px\u00bb][\/vc_column][\/vc_row][vc_row row_type=\u00bbrow\u00bb use_row_as_full_screen_section=\u00bbno\u00bb type=\u00bbfull_width\u00bb text_align=\u00bbleft\u00bb background_animation=\u00bbnone\u00bb css_animation=\u00bb\u00bb][vc_column offset=\u00bbvc_hidden-lg vc_hidden-md vc_hidden-sm\u00bb][vc_empty_space height=\u00bb100px\u00bb][\/vc_column][\/vc_row][vc_row row_type=\u00bbrow\u00bb use_row_as_full_screen_section=\u00bbno\u00bb type=\u00bbgrid\u00bb text_align=\u00bbleft\u00bb background_animation=\u00bbnone\u00bb css_animation=\u00bbelement_from_left\u00bb][vc_column width=\u00bb1\/12&#8243;][\/vc_column][vc_column width=\u00bb4\/12&#8243;][vc_column_text]<\/p>\n<h2>Realice una auditor\u00eda interna de la ISO 42001<\/h2>\n<p>[\/vc_column_text][vc_empty_space height=\u00bb50px\u00bb][vc_row_inner row_type=\u00bbrow\u00bb type=\u00bbfull_width\u00bb use_row_as_full_screen_section_slide=\u00bbno\u00bb text_align=\u00bbleft\u00bb css_animation=\u00bb\u00bb][vc_column_inner][vc_column_text]<\/p>\n<ul class=\"custom-list\">\n<li>\n<h5>Nuestro equipo de auditores le ayudar\u00e1 a llevar a cabo una auditor\u00eda interna para que pueda prepararse para obtener la certificaci\u00f3n ISO 42001.<\/h5>\n<\/li>\n<\/ul>\n<p>&nbsp;<\/p>\n<ul class=\"custom-list\">\n<li>\n<h5>Al mismo tiempo le preparar\u00e1 para mantener la certificaci\u00f3n ISO 42001 despu\u00e9s de recibirla, realizando de manera correcta las auditor\u00edas internas peri\u00f3dicas que debe ejecutar.<\/h5>\n<\/li>\n<\/ul>\n<p>&nbsp;<\/p>\n<ul class=\"custom-list\">\n<li>\n<h5>Tambi\u00e9n le ayudaremos en las mejoras continuas que se deben realizar para mantener la certificaci\u00f3n ISO 42001.<\/h5>\n<\/li>\n<\/ul>\n<p>[\/vc_column_text][\/vc_column_inner][\/vc_row_inner][\/vc_column][vc_column width=\u00bb2\/12&#8243; offset=\u00bbvc_hidden-sm vc_hidden-xs\u00bb][\/vc_column][vc_column width=\u00bb4\/12&#8243;][vc_column_text]<\/p>\n<h2>Establezca los controles apropiados<\/h2>\n<p>[\/vc_column_text][vc_empty_space height=\u00bb50px\u00bb][vc_row_inner row_type=\u00bbrow\u00bb type=\u00bbfull_width\u00bb use_row_as_full_screen_section_slide=\u00bbno\u00bb text_align=\u00bbleft\u00bb css_animation=\u00bb\u00bb][vc_column_inner][vc_column_text]<\/p>\n<ul class=\"custom-list\">\n<li>\n<h5>Revise todas las normas de la serie ISO 42001 con nuestro equipo para identificar qu\u00e9 requisitos no se est\u00e1n aplicando actualmente en su empresa.<\/h5>\n<\/li>\n<\/ul>\n<p>&nbsp;<\/p>\n<ul class=\"custom-list\">\n<li>\n<h5>Nuestros expertos tambi\u00e9n le ayudar\u00e1n a detectar posibles problemas que pueda encontrar el auditor de certificaci\u00f3n para que usted pueda trabajar en ellos antes de que se produzca la auditor\u00eda.<\/h5>\n<\/li>\n<\/ul>\n<p>[\/vc_column_text][\/vc_column_inner][\/vc_row_inner][\/vc_column][vc_column width=\u00bb1\/12&#8243;][\/vc_column][\/vc_row][vc_row row_type=\u00bbrow\u00bb use_row_as_full_screen_section=\u00bbno\u00bb type=\u00bbfull_width\u00bb text_align=\u00bbleft\u00bb background_animation=\u00bbnone\u00bb css_animation=\u00bb\u00bb][vc_column offset=\u00bbvc_hidden-xs\u00bb][vc_empty_space height=\u00bb200px\u00bb][\/vc_column][\/vc_row][vc_row row_type=\u00bbrow\u00bb use_row_as_full_screen_section=\u00bbno\u00bb type=\u00bbfull_width\u00bb text_align=\u00bbleft\u00bb background_animation=\u00bbnone\u00bb css_animation=\u00bb\u00bb][vc_column offset=\u00bbvc_hidden-lg vc_hidden-md vc_hidden-sm\u00bb][vc_empty_space height=\u00bb100px\u00bb][\/vc_column][\/vc_row][vc_row row_type=\u00bbrow\u00bb use_row_as_full_screen_section=\u00bbno\u00bb type=\u00bbgrid\u00bb text_align=\u00bbleft\u00bb background_animation=\u00bbnone\u00bb css_animation=\u00bbelement_from_right\u00bb][vc_column][vc_row_inner row_type=\u00bbrow\u00bb type=\u00bbfull_width\u00bb use_row_as_full_screen_section_slide=\u00bbno\u00bb text_align=\u00bbleft\u00bb css_animation=\u00bb\u00bb el_class=\u00bbschedule-demo\u00bb css=\u00bb.vc_custom_1680522525345{border-top-width: 2px !important;border-right-width: 2px !important;border-bottom-width: 2px !important;border-left-width: 2px !important;padding-top: 80px !important;padding-right: 80px !important;padding-bottom: 80px !important;padding-left: 80px !important;border-left-color: #3a3c4c !important;border-left-style: solid !important;border-right-color: #3a3c4c !important;border-right-style: solid !important;border-top-color: #3a3c4c !important;border-top-style: solid !important;border-bottom-color: #3a3c4c !important;border-bottom-style: solid !important;border-radius: 10px !important;}\u00bb][vc_column_inner width=\u00bb6\/12&#8243;][vc_column_text]<\/p>\n<h3>Programa una reuni\u00f3n con nuestro asesor jur\u00eddico<\/h3>\n<p>[\/vc_column_text][\/vc_column_inner][vc_column_inner width=\u00bb1\/12&#8243;][\/vc_column_inner][vc_column_inner el_class=\u00bbbtn-schedule\u00bb width=\u00bb5\/12&#8243;]<a href=\"https:\/\/seifti.io\/es\/solicitud-de-reunion\/\" target=\"_self\"  class=\"qbutton  big_large_full_width\" style=\"\">Programar una reuni\u00f3n<\/a>[\/vc_column_inner][\/vc_row_inner][\/vc_column][\/vc_row][vc_row row_type=\u00bbrow\u00bb use_row_as_full_screen_section=\u00bbno\u00bb type=\u00bbgrid\u00bb text_align=\u00bbleft\u00bb background_animation=\u00bbnone\u00bb css_animation=\u00bbelement_from_left\u00bb css=\u00bb.vc_custom_1680617011362{background-image: url(https:\/\/seifti.io\/wp-content\/uploads\/2023\/03\/fondoSecurity.png?id=1400) !important;background-position: center !important;background-repeat: no-repeat !important;background-size: cover !important;}\u00bb][vc_column][vc_empty_space height=\u00bb100px\u00bb][vc_column_text]<\/p>\n<h2 style=\"text-align: center;\">Demuestre su <span style=\"color: #efb850;\">liderazgo y buena gesti\u00f3n<\/span><\/h2>\n<p>[\/vc_column_text][vc_empty_space][\/vc_column][vc_column][vc_row_inner row_type=\u00bbrow\u00bb type=\u00bbfull_width\u00bb use_row_as_full_screen_section_slide=\u00bbno\u00bb text_align=\u00bbleft\u00bb css_animation=\u00bb\u00bb][vc_column_inner el_class=\u00bbcolumnaInterior\u00bb width=\u00bb1\/2&#8243;][vc_column_text]<\/p>\n<h5><img loading=\"lazy\" decoding=\"async\" class=\"alignnone wp-image-893 \" src=\"https:\/\/seifti.io\/wp-content\/uploads\/2023\/03\/Grupo-633.svg\" alt=\"\" width=\"60\" height=\"59\" \/><\/h5>\n<p>&nbsp;<\/p>\n<h5><strong><span style=\"color: #000000;\">Desarrolle una estructura que permita garantizar que los sistemas con los que cuenta se desarrollen y se utilicen de forma responsable.<\/span><\/strong><\/h5>\n<p>[\/vc_column_text][\/vc_column_inner][vc_column_inner el_class=\u00bbcolumnaInterior\u00bb width=\u00bb1\/2&#8243;][vc_column_text]<\/p>\n<h5><a href=\"https:\/\/seifti.io\/wp-content\/uploads\/2023\/03\/Grupo-1257.svg\"><img loading=\"lazy\" decoding=\"async\" class=\"alignnone wp-image-1020 \" src=\"https:\/\/seifti.io\/wp-content\/uploads\/2023\/03\/Grupo-1257.svg\" alt=\"\" width=\"60\" height=\"60\" \/><\/a><\/h5>\n<p>&nbsp;<\/p>\n<h5>Integre todos los requisitos de la norma en su sistema de gesti\u00f3n , manejando as\u00ed los posibles riesgos y la gobernanza \u00e9tica, mejorando adem\u00e1s de forma continua e integrando los sistemas de gesti\u00f3n de Ia IA con otros sistemas de organizaci\u00f3n.<\/h5>\n<p>[\/vc_column_text][\/vc_column_inner][\/vc_row_inner][vc_empty_space height=\u00bb100px\u00bb][\/vc_column][\/vc_row][vc_row row_type=\u00bbrow\u00bb use_row_as_full_screen_section=\u00bbno\u00bb type=\u00bbfull_width\u00bb text_align=\u00bbleft\u00bb background_animation=\u00bbnone\u00bb css_animation=\u00bb\u00bb][vc_column][vc_empty_space height=\u00bb100px\u00bb][\/vc_column][\/vc_row]<\/p>\n<\/section>","protected":false},"excerpt":{"rendered":"<p>[vc_row row_type=\u00bbrow\u00bb use_row_as_full_screen_section=\u00bbno\u00bb type=\u00bbfull_width\u00bb text_align=\u00bbleft\u00bb background_animation=\u00bbnone\u00bb css_animation=\u00bb\u00bb][vc_column offset=\u00bbvc_hidden-sm vc_hidden-xs\u00bb][vc_empty_space height=\u00bb50px\u00bb][\/vc_column][\/vc_row][vc_row row_type=\u00bbrow\u00bb use_row_as_full_screen_section=\u00bbno\u00bb type=\u00bbgrid\u00bb text_align=\u00bbleft\u00bb background_animation=\u00bbnone\u00bb css_animation=\u00bbelement_from_left\u00bb][vc_column width=\u00bb1\/2&#8243;][vc_column_text] ISO 42001 [\/vc_column_text][vc_empty_space height=\u00bb50px\u00bb][vc_column_text]La auditor\u00eda de la ISO 42001 le permitir\u00e1 establecer, implementar, mantener y mejorar de manera continua su sistema de gesti\u00f3n de IA.[\/vc_column_text][vc_empty_space height=\u00bb50px\u00bb][\/vc_column][vc_column width=\u00bb1\/2&#8243;][vc_row_inner row_type=\u00bbrow\u00bb&#8230;<\/p>\n","protected":false},"author":2,"featured_media":0,"parent":3618,"menu_order":0,"comment_status":"closed","ping_status":"closed","template":"full_width.php","meta":{"inline_featured_image":false,"footnotes":""},"class_list":["post-5924","page","type-page","status-publish","hentry"],"yoast_head":"<!-- This site is optimized with the Yoast SEO plugin v22.8 - https:\/\/yoast.com\/wordpress\/plugins\/seo\/ -->\n<title>ISO 42001 - Seifti<\/title>\n<meta name=\"robots\" content=\"index, follow, max-snippet:-1, max-image-preview:large, max-video-preview:-1\" \/>\n<link rel=\"canonical\" href=\"https:\/\/seifti.io\/es\/servicios-de-consultoria-de-ciberseguridad\/iso-42001\/\" \/>\n<meta property=\"og:locale\" content=\"es_ES\" \/>\n<meta property=\"og:type\" content=\"article\" \/>\n<meta property=\"og:title\" content=\"ISO 42001 - Seifti\" \/>\n<meta property=\"og:description\" content=\"[vc_row row_type=\u00bbrow\u00bb use_row_as_full_screen_section=\u00bbno\u00bb type=\u00bbfull_width\u00bb text_align=\u00bbleft\u00bb background_animation=\u00bbnone\u00bb css_animation=\u00bb\u00bb][vc_column offset=\u00bbvc_hidden-sm vc_hidden-xs\u00bb][vc_empty_space height=\u00bb50px\u00bb][\/vc_column][\/vc_row][vc_row row_type=\u00bbrow\u00bb use_row_as_full_screen_section=\u00bbno\u00bb type=\u00bbgrid\u00bb text_align=\u00bbleft\u00bb background_animation=\u00bbnone\u00bb css_animation=\u00bbelement_from_left\u00bb][vc_column width=\u00bb1\/2&#8243;][vc_column_text] ISO 42001 [\/vc_column_text][vc_empty_space height=\u00bb50px\u00bb][vc_column_text]La auditor\u00eda de la ISO 42001 le permitir\u00e1 establecer, implementar, mantener y mejorar de manera continua su sistema de gesti\u00f3n de IA.[\/vc_column_text][vc_empty_space height=\u00bb50px\u00bb][\/vc_column][vc_column width=\u00bb1\/2&#8243;][vc_row_inner row_type=\u00bbrow\u00bb...\" \/>\n<meta property=\"og:url\" content=\"https:\/\/seifti.io\/es\/servicios-de-consultoria-de-ciberseguridad\/iso-42001\/\" \/>\n<meta property=\"og:site_name\" content=\"Seifti\" \/>\n<meta property=\"article:modified_time\" content=\"2024-06-17T08:48:08+00:00\" \/>\n<meta property=\"og:image\" content=\"https:\/\/seifti.io\/wp-content\/uploads\/2024\/06\/hola-5-500x500.png\" \/>\n<meta name=\"twitter:card\" content=\"summary_large_image\" \/>\n<meta name=\"twitter:site\" content=\"@seifti_io\" \/>\n<meta name=\"twitter:label1\" content=\"Tiempo de lectura\" \/>\n\t<meta name=\"twitter:data1\" content=\"4 minutos\" \/>\n<script type=\"application\/ld+json\" class=\"yoast-schema-graph\">{\"@context\":\"https:\/\/schema.org\",\"@graph\":[{\"@type\":\"WebPage\",\"@id\":\"https:\/\/seifti.io\/es\/servicios-de-consultoria-de-ciberseguridad\/iso-42001\/\",\"url\":\"https:\/\/seifti.io\/es\/servicios-de-consultoria-de-ciberseguridad\/iso-42001\/\",\"name\":\"ISO 42001 - Seifti\",\"isPartOf\":{\"@id\":\"https:\/\/seifti.io\/es\/#website\"},\"primaryImageOfPage\":{\"@id\":\"https:\/\/seifti.io\/es\/servicios-de-consultoria-de-ciberseguridad\/iso-42001\/#primaryimage\"},\"image\":{\"@id\":\"https:\/\/seifti.io\/es\/servicios-de-consultoria-de-ciberseguridad\/iso-42001\/#primaryimage\"},\"thumbnailUrl\":\"https:\/\/seifti.io\/wp-content\/uploads\/2024\/06\/hola-5-500x500.png\",\"datePublished\":\"2024-06-13T11:58:42+00:00\",\"dateModified\":\"2024-06-17T08:48:08+00:00\",\"breadcrumb\":{\"@id\":\"https:\/\/seifti.io\/es\/servicios-de-consultoria-de-ciberseguridad\/iso-42001\/#breadcrumb\"},\"inLanguage\":\"es\",\"potentialAction\":[{\"@type\":\"ReadAction\",\"target\":[\"https:\/\/seifti.io\/es\/servicios-de-consultoria-de-ciberseguridad\/iso-42001\/\"]}]},{\"@type\":\"ImageObject\",\"inLanguage\":\"es\",\"@id\":\"https:\/\/seifti.io\/es\/servicios-de-consultoria-de-ciberseguridad\/iso-42001\/#primaryimage\",\"url\":\"https:\/\/seifti.io\/wp-content\/uploads\/2024\/06\/hola-5-500x500.png\",\"contentUrl\":\"https:\/\/seifti.io\/wp-content\/uploads\/2024\/06\/hola-5-500x500.png\"},{\"@type\":\"BreadcrumbList\",\"@id\":\"https:\/\/seifti.io\/es\/servicios-de-consultoria-de-ciberseguridad\/iso-42001\/#breadcrumb\",\"itemListElement\":[{\"@type\":\"ListItem\",\"position\":1,\"name\":\"Seifti\",\"item\":\"https:\/\/seifti.io\/es\/\"},{\"@type\":\"ListItem\",\"position\":2,\"name\":\"Servicios de consultor\u00eda de ciberseguridad\",\"item\":\"https:\/\/seifti.io\/es\/servicios-de-consultoria-de-ciberseguridad\/\"},{\"@type\":\"ListItem\",\"position\":3,\"name\":\"ISO 42001\"}]},{\"@type\":\"WebSite\",\"@id\":\"https:\/\/seifti.io\/es\/#website\",\"url\":\"https:\/\/seifti.io\/es\/\",\"name\":\"Seifti\",\"description\":\" Maximize the value of your data while ensuring compliance &amp; trust.\",\"publisher\":{\"@id\":\"https:\/\/seifti.io\/es\/#organization\"},\"potentialAction\":[{\"@type\":\"SearchAction\",\"target\":{\"@type\":\"EntryPoint\",\"urlTemplate\":\"https:\/\/seifti.io\/es\/?s={search_term_string}\"},\"query-input\":\"required name=search_term_string\"}],\"inLanguage\":\"es\"},{\"@type\":\"Organization\",\"@id\":\"https:\/\/seifti.io\/es\/#organization\",\"name\":\"Seifti\",\"url\":\"https:\/\/seifti.io\/es\/\",\"logo\":{\"@type\":\"ImageObject\",\"inLanguage\":\"es\",\"@id\":\"https:\/\/seifti.io\/es\/#\/schema\/logo\/image\/\",\"url\":\"https:\/\/seifti.io\/wp-content\/uploads\/2023\/05\/seifti-logo.png\",\"contentUrl\":\"https:\/\/seifti.io\/wp-content\/uploads\/2023\/05\/seifti-logo.png\",\"width\":347,\"height\":96,\"caption\":\"Seifti\"},\"image\":{\"@id\":\"https:\/\/seifti.io\/es\/#\/schema\/logo\/image\/\"},\"sameAs\":[\"https:\/\/x.com\/seifti_io\",\"https:\/\/www.linkedin.com\/company\/seiftionlinkedin\/\"]}]}<\/script>\n<!-- \/ Yoast SEO plugin. -->","yoast_head_json":{"title":"ISO 42001 - Seifti","robots":{"index":"index","follow":"follow","max-snippet":"max-snippet:-1","max-image-preview":"max-image-preview:large","max-video-preview":"max-video-preview:-1"},"canonical":"https:\/\/seifti.io\/es\/servicios-de-consultoria-de-ciberseguridad\/iso-42001\/","og_locale":"es_ES","og_type":"article","og_title":"ISO 42001 - Seifti","og_description":"[vc_row row_type=\u00bbrow\u00bb use_row_as_full_screen_section=\u00bbno\u00bb type=\u00bbfull_width\u00bb text_align=\u00bbleft\u00bb background_animation=\u00bbnone\u00bb css_animation=\u00bb\u00bb][vc_column offset=\u00bbvc_hidden-sm vc_hidden-xs\u00bb][vc_empty_space height=\u00bb50px\u00bb][\/vc_column][\/vc_row][vc_row row_type=\u00bbrow\u00bb use_row_as_full_screen_section=\u00bbno\u00bb type=\u00bbgrid\u00bb text_align=\u00bbleft\u00bb background_animation=\u00bbnone\u00bb css_animation=\u00bbelement_from_left\u00bb][vc_column width=\u00bb1\/2&#8243;][vc_column_text] ISO 42001 [\/vc_column_text][vc_empty_space height=\u00bb50px\u00bb][vc_column_text]La auditor\u00eda de la ISO 42001 le permitir\u00e1 establecer, implementar, mantener y mejorar de manera continua su sistema de gesti\u00f3n de IA.[\/vc_column_text][vc_empty_space height=\u00bb50px\u00bb][\/vc_column][vc_column width=\u00bb1\/2&#8243;][vc_row_inner row_type=\u00bbrow\u00bb...","og_url":"https:\/\/seifti.io\/es\/servicios-de-consultoria-de-ciberseguridad\/iso-42001\/","og_site_name":"Seifti","article_modified_time":"2024-06-17T08:48:08+00:00","og_image":[{"url":"https:\/\/seifti.io\/wp-content\/uploads\/2024\/06\/hola-5-500x500.png"}],"twitter_card":"summary_large_image","twitter_site":"@seifti_io","twitter_misc":{"Tiempo de lectura":"4 minutos"},"schema":{"@context":"https:\/\/schema.org","@graph":[{"@type":"WebPage","@id":"https:\/\/seifti.io\/es\/servicios-de-consultoria-de-ciberseguridad\/iso-42001\/","url":"https:\/\/seifti.io\/es\/servicios-de-consultoria-de-ciberseguridad\/iso-42001\/","name":"ISO 42001 - Seifti","isPartOf":{"@id":"https:\/\/seifti.io\/es\/#website"},"primaryImageOfPage":{"@id":"https:\/\/seifti.io\/es\/servicios-de-consultoria-de-ciberseguridad\/iso-42001\/#primaryimage"},"image":{"@id":"https:\/\/seifti.io\/es\/servicios-de-consultoria-de-ciberseguridad\/iso-42001\/#primaryimage"},"thumbnailUrl":"https:\/\/seifti.io\/wp-content\/uploads\/2024\/06\/hola-5-500x500.png","datePublished":"2024-06-13T11:58:42+00:00","dateModified":"2024-06-17T08:48:08+00:00","breadcrumb":{"@id":"https:\/\/seifti.io\/es\/servicios-de-consultoria-de-ciberseguridad\/iso-42001\/#breadcrumb"},"inLanguage":"es","potentialAction":[{"@type":"ReadAction","target":["https:\/\/seifti.io\/es\/servicios-de-consultoria-de-ciberseguridad\/iso-42001\/"]}]},{"@type":"ImageObject","inLanguage":"es","@id":"https:\/\/seifti.io\/es\/servicios-de-consultoria-de-ciberseguridad\/iso-42001\/#primaryimage","url":"https:\/\/seifti.io\/wp-content\/uploads\/2024\/06\/hola-5-500x500.png","contentUrl":"https:\/\/seifti.io\/wp-content\/uploads\/2024\/06\/hola-5-500x500.png"},{"@type":"BreadcrumbList","@id":"https:\/\/seifti.io\/es\/servicios-de-consultoria-de-ciberseguridad\/iso-42001\/#breadcrumb","itemListElement":[{"@type":"ListItem","position":1,"name":"Seifti","item":"https:\/\/seifti.io\/es\/"},{"@type":"ListItem","position":2,"name":"Servicios de consultor\u00eda de ciberseguridad","item":"https:\/\/seifti.io\/es\/servicios-de-consultoria-de-ciberseguridad\/"},{"@type":"ListItem","position":3,"name":"ISO 42001"}]},{"@type":"WebSite","@id":"https:\/\/seifti.io\/es\/#website","url":"https:\/\/seifti.io\/es\/","name":"Seifti","description":" Maximize the value of your data while ensuring compliance &amp; trust.","publisher":{"@id":"https:\/\/seifti.io\/es\/#organization"},"potentialAction":[{"@type":"SearchAction","target":{"@type":"EntryPoint","urlTemplate":"https:\/\/seifti.io\/es\/?s={search_term_string}"},"query-input":"required name=search_term_string"}],"inLanguage":"es"},{"@type":"Organization","@id":"https:\/\/seifti.io\/es\/#organization","name":"Seifti","url":"https:\/\/seifti.io\/es\/","logo":{"@type":"ImageObject","inLanguage":"es","@id":"https:\/\/seifti.io\/es\/#\/schema\/logo\/image\/","url":"https:\/\/seifti.io\/wp-content\/uploads\/2023\/05\/seifti-logo.png","contentUrl":"https:\/\/seifti.io\/wp-content\/uploads\/2023\/05\/seifti-logo.png","width":347,"height":96,"caption":"Seifti"},"image":{"@id":"https:\/\/seifti.io\/es\/#\/schema\/logo\/image\/"},"sameAs":["https:\/\/x.com\/seifti_io","https:\/\/www.linkedin.com\/company\/seiftionlinkedin\/"]}]}},"_links":{"self":[{"href":"https:\/\/seifti.io\/es\/wp-json\/wp\/v2\/pages\/5924","targetHints":{"allow":["GET"]}}],"collection":[{"href":"https:\/\/seifti.io\/es\/wp-json\/wp\/v2\/pages"}],"about":[{"href":"https:\/\/seifti.io\/es\/wp-json\/wp\/v2\/types\/page"}],"author":[{"embeddable":true,"href":"https:\/\/seifti.io\/es\/wp-json\/wp\/v2\/users\/2"}],"replies":[{"embeddable":true,"href":"https:\/\/seifti.io\/es\/wp-json\/wp\/v2\/comments?post=5924"}],"version-history":[{"count":3,"href":"https:\/\/seifti.io\/es\/wp-json\/wp\/v2\/pages\/5924\/revisions"}],"predecessor-version":[{"id":5945,"href":"https:\/\/seifti.io\/es\/wp-json\/wp\/v2\/pages\/5924\/revisions\/5945"}],"up":[{"embeddable":true,"href":"https:\/\/seifti.io\/es\/wp-json\/wp\/v2\/pages\/3618"}],"wp:attachment":[{"href":"https:\/\/seifti.io\/es\/wp-json\/wp\/v2\/media?parent=5924"}],"curies":[{"name":"wp","href":"https:\/\/api.w.org\/{rel}","templated":true}]}}